{"id":975,"date":"2021-10-13T22:36:42","date_gmt":"2021-10-13T22:36:42","guid":{"rendered":"https:\/\/brok.qodeinteractive.com\/?page_id=975"},"modified":"2026-04-29T10:57:37","modified_gmt":"2026-04-29T10:57:37","slug":"ine-mertens","status":"publish","type":"page","link":"https:\/\/architectinemertens.be\/index.php\/ine-mertens\/","title":{"rendered":"Architect &#8211; Ine Mertens"},"content":{"rendered":"\t\t<div data-elementor-type=\"wp-page\" data-elementor-id=\"975\" class=\"elementor elementor-975\" data-elementor-post-type=\"page\">\n\t\t\t\t\t\t<section class=\"elementor-section elementor-top-section elementor-element elementor-element-87aa313 qodef-elementor-content-grid elementor-section-boxed elementor-section-height-default elementor-section-height-default\" data-id=\"87aa313\" data-element_type=\"section\" data-e-type=\"section\">\n\t\t\t\t\t\t<div class=\"elementor-container elementor-column-gap-default\">\n\t\t\t\t\t<div class=\"elementor-column elementor-col-100 elementor-top-column elementor-element elementor-element-0264905\" data-id=\"0264905\" data-element_type=\"column\" data-e-type=\"column\">\n\t\t\t<div class=\"elementor-widget-wrap elementor-element-populated\">\n\t\t\t\t\t\t<div class=\"elementor-element elementor-element-d086268 elementor-widget elementor-widget-heading\" data-id=\"d086268\" data-element_type=\"widget\" data-e-type=\"widget\" data-widget_type=\"heading.default\">\n\t\t\t\t<div class=\"elementor-widget-container\">\n\t\t\t\t\t<h2 class=\"elementor-heading-title elementor-size-default\">Bouwen begint bij vertrouwen<\/h2>\t\t\t\t<\/div>\n\t\t\t\t<\/div>\n\t\t\t\t\t<\/div>\n\t\t<\/div>\n\t\t\t\t\t<\/div>\n\t\t<\/section>\n\t\t\t\t<section class=\"elementor-section elementor-top-section elementor-element elementor-element-870406d elementor-section-full_width qodef-elementor-content-grid elementor-section-height-default elementor-section-height-default\" data-id=\"870406d\" data-element_type=\"section\" data-e-type=\"section\">\n\t\t\t\t\t\t<div class=\"elementor-container elementor-column-gap-default\">\n\t\t\t\t\t<div class=\"elementor-column elementor-col-50 elementor-top-column elementor-element elementor-element-47ed32c\" data-id=\"47ed32c\" data-element_type=\"column\" data-e-type=\"column\">\n\t\t\t<div class=\"elementor-widget-wrap elementor-element-populated\">\n\t\t\t\t\t\t<div class=\"elementor-element elementor-element-3405b42 elementor-widget elementor-widget-brok_core_info_section\" data-id=\"3405b42\" data-element_type=\"widget\" data-e-type=\"widget\" data-widget_type=\"brok_core_info_section.default\">\n\t\t\t\t<div class=\"elementor-widget-container\">\n\t\t\t\t\t<div class=\"qodef-shortcode qodef-m qodef-info-section qodef-layout--background-text qodef-background-text-pos--top-left\">\n\t<div class=\"qodef-m-background-text\">\n\t\t\t<\/div>\n\t<div class=\"qodef-m-info\">\n\t\t\t<h4 class=\"qodef-m-title\" >\n\t\tIne Mertens\t<\/h4>\n\t\t\t<p class=\"qodef-m-text\" >Ik ben Ine Mertens, architect. Niet de architect die bovenaan een project staat, maar de architect die naast je gaat staan. Want een woning ontwerpen, verbouwen of bouwen draait niet enkel om plannen en regels. Het draait ook om mensen. En om vertrouwen.<\/p>\n\t\t\t<div class=\"qodef-m-button\">\n\t\t<a class=\"qodef-shortcode qodef-m qodef-button qodef-layout--textual qodef-html--link\" href=\"\" target=\"_blank\"  style=\"margin: 20px 0px 0px 0px\">\t\t<span class=\"qodef-m-text\"> <\/span>\t\t<\/a>\t<\/div>\n\t<\/div>\n<\/div>\n\t\t\t\t<\/div>\n\t\t\t\t<\/div>\n\t\t\t\t\t<\/div>\n\t\t<\/div>\n\t\t\t\t<div class=\"elementor-column elementor-col-50 elementor-top-column elementor-element elementor-element-1d0d95c\" data-id=\"1d0d95c\" data-element_type=\"column\" data-e-type=\"column\">\n\t\t\t<div class=\"elementor-widget-wrap elementor-element-populated\">\n\t\t\t\t\t\t<div class=\"elementor-element elementor-element-55cfa7a elementor-widget elementor-widget-brok_core_info_section\" data-id=\"55cfa7a\" data-element_type=\"widget\" data-e-type=\"widget\" data-widget_type=\"brok_core_info_section.default\">\n\t\t\t\t<div class=\"elementor-widget-container\">\n\t\t\t\t\t<div class=\"qodef-shortcode qodef-m qodef-info-section qodef-layout--background-text qodef-background-text-pos--top-left\">\n\t<div class=\"qodef-m-background-text\">\n\t\t\t<\/div>\n\t<div class=\"qodef-m-info\">\n\t\t\t<h4 class=\"qodef-m-title\" >\n\t\t\u00e9\u00e9n aanspreekpunt\t<\/h4>\n\t\t\t<p class=\"qodef-m-text\" >Vanuit mijn eenmanszaak begeleid ik particulieren en projectontwikkelaars in de regio Hoogstraten (Meerle, Meer, Minderhout en Wortel) Merksplas, Rijkevorsel, Malle, Brecht en omstreken. Ik werk bewust alleen: dat betekent geen tussenschakels, geen doorgegeven boodschappen, maar \u00e9\u00e9n aanspreekpunt, \u00e9\u00e9n visie en \u00e9\u00e9n lijn. Rechtstreeks. Persoonlijk. Helder.<\/p>\n\t\t\t<div class=\"qodef-m-button\">\n\t\t<a class=\"qodef-shortcode qodef-m qodef-button qodef-layout--textual qodef-html--link\" href=\"\" target=\"_blank\"  style=\"margin: 20px 0px 0px 0px\">\t\t<span class=\"qodef-m-text\"> <\/span>\t\t<\/a>\t<\/div>\n\t<\/div>\n<\/div>\n\t\t\t\t<\/div>\n\t\t\t\t<\/div>\n\t\t\t\t\t<\/div>\n\t\t<\/div>\n\t\t\t\t\t<\/div>\n\t\t<\/section>\n\t\t\t\t<section class=\"elementor-section elementor-top-section elementor-element elementor-element-4c174c3 elementor-section-full_width qodef-elementor-content-grid elementor-section-height-default elementor-section-height-default\" data-id=\"4c174c3\" data-element_type=\"section\" data-e-type=\"section\">\n\t\t\t\t\t\t<div class=\"elementor-container elementor-column-gap-default\">\n\t\t\t\t\t<div class=\"elementor-column elementor-col-50 elementor-top-column elementor-element elementor-element-7e2ffed\" data-id=\"7e2ffed\" data-element_type=\"column\" data-e-type=\"column\">\n\t\t\t<div class=\"elementor-widget-wrap elementor-element-populated\">\n\t\t\t\t\t\t<div class=\"elementor-element elementor-element-b84faf3 elementor-widget elementor-widget-brok_core_image_gallery\" data-id=\"b84faf3\" data-element_type=\"widget\" data-e-type=\"widget\" data-widget_type=\"brok_core_image_gallery.default\">\n\t\t\t\t<div class=\"elementor-widget-container\">\n\t\t\t\t\t<div class=\"qodef-shortcode qodef-m qodef-image-gallery qodef-grid qodef-swiper-container qodef-gutter--no qodef-col-num--1 qodef-responsive--predefined\" data-options=\"{&quot;slidesPerView&quot;:&quot;1&quot;,&quot;spaceBetween&quot;:0,&quot;loop&quot;:true,&quot;autoplay&quot;:true,&quot;speed&quot;:&quot;&quot;,&quot;speedAnimation&quot;:&quot;&quot;,&quot;slideAnimation&quot;:&quot;fade&quot;}\">\n\t<div class=\"swiper-wrapper\">\n\t\t<div class=\"qodef-e qodef-image-wrapper swiper-slide \">\n\t\t\t<a itemprop=\"url\" href=\"https:\/\/architectinemertens.be\/wp-content\/uploads\/2025\/12\/IneMertensArchitect7.jpg\" target=\"_blank\">\n\t\t\t<img fetchpriority=\"high\" decoding=\"async\" width=\"1920\" height=\"1280\" src=\"https:\/\/architectinemertens.be\/wp-content\/uploads\/2025\/12\/IneMertensArchitect7.jpg\" class=\"attachment-full size-full\" alt=\"\" srcset=\"https:\/\/architectinemertens.be\/wp-content\/uploads\/2025\/12\/IneMertensArchitect7.jpg 1920w, https:\/\/architectinemertens.be\/wp-content\/uploads\/2025\/12\/IneMertensArchitect7-300x200.jpg 300w, https:\/\/architectinemertens.be\/wp-content\/uploads\/2025\/12\/IneMertensArchitect7-1024x683.jpg 1024w, https:\/\/architectinemertens.be\/wp-content\/uploads\/2025\/12\/IneMertensArchitect7-768x512.jpg 768w, https:\/\/architectinemertens.be\/wp-content\/uploads\/2025\/12\/IneMertensArchitect7-1536x1024.jpg 1536w\" sizes=\"(max-width: 1920px) 100vw, 1920px\" \/>\t\t\t<\/a>\n\t<\/div>\n<div class=\"qodef-e qodef-image-wrapper swiper-slide \">\n\t\t\t<a itemprop=\"url\" href=\"https:\/\/architectinemertens.be\/wp-content\/uploads\/2025\/12\/IneMertensArchitect14.jpg\" target=\"_blank\">\n\t\t\t<img decoding=\"async\" width=\"1920\" height=\"1280\" src=\"https:\/\/architectinemertens.be\/wp-content\/uploads\/2025\/12\/IneMertensArchitect14.jpg\" class=\"attachment-full size-full\" alt=\"\" srcset=\"https:\/\/architectinemertens.be\/wp-content\/uploads\/2025\/12\/IneMertensArchitect14.jpg 1920w, https:\/\/architectinemertens.be\/wp-content\/uploads\/2025\/12\/IneMertensArchitect14-300x200.jpg 300w, https:\/\/architectinemertens.be\/wp-content\/uploads\/2025\/12\/IneMertensArchitect14-1024x683.jpg 1024w, https:\/\/architectinemertens.be\/wp-content\/uploads\/2025\/12\/IneMertensArchitect14-768x512.jpg 768w, https:\/\/architectinemertens.be\/wp-content\/uploads\/2025\/12\/IneMertensArchitect14-1536x1024.jpg 1536w\" sizes=\"(max-width: 1920px) 100vw, 1920px\" \/>\t\t\t<\/a>\n\t<\/div>\n<div class=\"qodef-e qodef-image-wrapper swiper-slide \">\n\t\t\t<a itemprop=\"url\" href=\"https:\/\/architectinemertens.be\/wp-content\/uploads\/2025\/12\/IneMertensArchitect9.jpg\" target=\"_blank\">\n\t\t\t<img decoding=\"async\" width=\"1920\" height=\"1280\" src=\"https:\/\/architectinemertens.be\/wp-content\/uploads\/2025\/12\/IneMertensArchitect9.jpg\" class=\"attachment-full size-full\" alt=\"\" srcset=\"https:\/\/architectinemertens.be\/wp-content\/uploads\/2025\/12\/IneMertensArchitect9.jpg 1920w, https:\/\/architectinemertens.be\/wp-content\/uploads\/2025\/12\/IneMertensArchitect9-300x200.jpg 300w, https:\/\/architectinemertens.be\/wp-content\/uploads\/2025\/12\/IneMertensArchitect9-1024x683.jpg 1024w, https:\/\/architectinemertens.be\/wp-content\/uploads\/2025\/12\/IneMertensArchitect9-768x512.jpg 768w, https:\/\/architectinemertens.be\/wp-content\/uploads\/2025\/12\/IneMertensArchitect9-1536x1024.jpg 1536w\" sizes=\"(max-width: 1920px) 100vw, 1920px\" \/>\t\t\t<\/a>\n\t<\/div>\n\t<\/div>\n\t\t<div class=\"swiper-button-prev \"><svg class=\"qodef-svg--slider-arrow-left\" xmlns=\"http:\/\/www.w3.org\/2000\/svg\" xmlns:xlink=\"http:\/\/www.w3.org\/1999\/xlink\" x=\"0px\" y=\"0px\" width=\"16.2px\"\n      height=\"9.6px\" viewBox=\"0 0 16.2 9.6\" style=\"enable-background:new 0 0 16.2 9.6;\" xml:space=\"preserve\"><g ><line stroke=\"currentColor\" stroke-width=\"2\" x1=\"1.1\" y1=\"4.8\" x2=\"16.2\" y2=\"4.8\"\/><polyline fill=\"none\" stroke=\"currentColor\" stroke-width=\"2\" points=\"5.3,8.9 1.3,4.8 5.3,0.6 \t\"\/><\/g><\/svg><\/div>\n\t<div class=\"swiper-button-next \"><svg class=\"qodef-svg--slider-arrow-right\" xmlns=\"http:\/\/www.w3.org\/2000\/svg\" xmlns:xlink=\"http:\/\/www.w3.org\/1999\/xlink\" x=\"0px\" y=\"0px\" width=\"16.2px\"\n     height=\"9.6px\" viewBox=\"0 0 16.2 9.6\" style=\"enable-background:new 0 0 16.2 9.6;\" xml:space=\"preserve\"><g><line stroke-width=\"2\" stroke=\"currentColor\" x1=\"15.2\" y1=\"4.8\" x2=\"0\" y2=\"4.8\"\/><polyline fill=\"none\" stroke=\"currentColor\" stroke-width=\"2\" points=\"10.9,0.6 15,4.8 10.9,8.9\"\/><\/g><\/svg><\/div>\n\t<\/div>\n\t\t\t\t<\/div>\n\t\t\t\t<\/div>\n\t\t\t\t\t<\/div>\n\t\t<\/div>\n\t\t\t\t<div class=\"elementor-column elementor-col-50 elementor-top-column elementor-element elementor-element-0509ceb\" data-id=\"0509ceb\" data-element_type=\"column\" data-e-type=\"column\">\n\t\t\t<div class=\"elementor-widget-wrap elementor-element-populated\">\n\t\t\t\t\t\t<div class=\"elementor-element elementor-element-dfb29ea elementor-widget elementor-widget-heading\" data-id=\"dfb29ea\" data-element_type=\"widget\" data-e-type=\"widget\" data-widget_type=\"heading.default\">\n\t\t\t\t<div class=\"elementor-widget-container\">\n\t\t\t\t\t<h2 class=\"elementor-heading-title elementor-size-default\">Samen bouwen<\/h2>\t\t\t\t<\/div>\n\t\t\t\t<\/div>\n\t\t\t\t<div class=\"elementor-element elementor-element-67e0d4e elementor-widget elementor-widget-text-editor\" data-id=\"67e0d4e\" data-element_type=\"widget\" data-e-type=\"widget\" data-widget_type=\"text-editor.default\">\n\t\t\t\t<div class=\"elementor-widget-container\">\n\t\t\t\t\t\t\t\t\t<p>Mijn ideale klant is geen toeschouwer, maar een deelnemer. Iemand die zelf betrokken wil zijn. Zelf de handen uit de mouwen wil steken of zelf de co\u00f6rdinatie van de werf in handen neemt. Zelf beslissingen wil nemen. Zelf weet wat hij of zij wil. En tegelijk ook iemand die het waardeert dat er een professional mee aan tafel zit \u2026 niet om over te nemen, maar om te begeleiden.<\/p><p><br \/>Daarom bied ik vaak een haalbaarheidsstudie aan als startpunt. Samen bekijken we wat er technisch, wettelijk en financieel mogelijk is. We zoeken de grenzen op, maar verliezen het realisme niet uit het oog. Wat kost het? Wat vraagt een vergunning? Wat zijn de alternatieven? Vanuit dat fundament bouwen we verder aan een project dat klopt.<\/p>\t\t\t\t\t\t\t\t<\/div>\n\t\t\t\t<\/div>\n\t\t\t\t<div class=\"elementor-element elementor-element-6363c0e elementor-widget elementor-widget-brok_core_button\" data-id=\"6363c0e\" data-element_type=\"widget\" data-e-type=\"widget\" data-widget_type=\"brok_core_button.default\">\n\t\t\t\t<div class=\"elementor-widget-container\">\n\t\t\t\t\t<a class=\"qodef-shortcode qodef-m qodef-button qodef-layout--filled qodef-html--link\" href=\"https:\/\/brok.qodeinteractive.com\/designing-spaces\/\" target=\"_blank\" data-hover-background-color=\"#F0F0F0\" style=\"background-color: #F0F0F0\">\n\t<span class=\"qodef-bg-effect\" style=\"background-color: #F0F0F0\"><\/span>\n\t<span class=\"qodef-m-text\">\n\t\t<svg xmlns=\"http:\/\/www.w3.org\/2000\/svg\" xmlns:xlink=\"http:\/\/www.w3.org\/1999\/xlink\" x=\"0px\" y=\"0px\" width=\"12px\" height=\"12px\" viewBox=\"0 0 12 12\" style=\"enable-background:new 0 0 12 12;\" xml:space=\"preserve\"><g><rect y=\"5\" width=\"12\" height=\"2\"\/><rect y=\"5\" transform=\"matrix(6.123234e-17 -1 1 6.123234e-17 0 12)\" width=\"12\" height=\"2\"\/><\/g><\/svg>\n\t\tRead More\t<\/span>\n<\/a>\n\t\t\t\t<\/div>\n\t\t\t\t<\/div>\n\t\t\t\t\t<\/div>\n\t\t<\/div>\n\t\t\t\t\t<\/div>\n\t\t<\/section>\n\t\t\t\t<section class=\"elementor-section elementor-top-section elementor-element elementor-element-d1285e9 qodef-elementor-content-grid elementor-section-boxed elementor-section-height-default elementor-section-height-default\" data-id=\"d1285e9\" data-element_type=\"section\" data-e-type=\"section\">\n\t\t\t\t\t\t<div class=\"elementor-container elementor-column-gap-default\">\n\t\t\t\t\t<div class=\"elementor-column elementor-col-100 elementor-top-column elementor-element elementor-element-2ec90dc\" data-id=\"2ec90dc\" data-element_type=\"column\" data-e-type=\"column\">\n\t\t\t<div class=\"elementor-widget-wrap elementor-element-populated\">\n\t\t\t\t\t\t<div class=\"elementor-element elementor-element-902982a elementor-widget elementor-widget-heading\" data-id=\"902982a\" data-element_type=\"widget\" data-e-type=\"widget\" data-widget_type=\"heading.default\">\n\t\t\t\t<div class=\"elementor-widget-container\">\n\t\t\t\t\t<h2 class=\"elementor-heading-title elementor-size-default\">Landbouw in het DNA<\/h2>\t\t\t\t<\/div>\n\t\t\t\t<\/div>\n\t\t\t\t\t<\/div>\n\t\t<\/div>\n\t\t\t\t\t<\/div>\n\t\t<\/section>\n\t\t\t\t<section class=\"elementor-section elementor-top-section elementor-element elementor-element-6232273 elementor-section-full_width qodef-elementor-content-grid elementor-section-height-default elementor-section-height-default\" data-id=\"6232273\" data-element_type=\"section\" data-e-type=\"section\">\n\t\t\t\t\t\t<div class=\"elementor-container elementor-column-gap-default\">\n\t\t\t\t\t<div class=\"elementor-column elementor-col-50 elementor-top-column elementor-element elementor-element-3eb9020\" data-id=\"3eb9020\" data-element_type=\"column\" data-e-type=\"column\">\n\t\t\t<div class=\"elementor-widget-wrap elementor-element-populated\">\n\t\t\t\t\t\t<div class=\"elementor-element elementor-element-518677e elementor-widget elementor-widget-brok_core_info_section\" data-id=\"518677e\" data-element_type=\"widget\" data-e-type=\"widget\" data-widget_type=\"brok_core_info_section.default\">\n\t\t\t\t<div class=\"elementor-widget-container\">\n\t\t\t\t\t<div class=\"qodef-shortcode qodef-m qodef-info-section qodef-layout--background-text qodef-background-text-pos--top-left\">\n\t<div class=\"qodef-m-background-text\">\n\t\t\t<\/div>\n\t<div class=\"qodef-m-info\">\n\t\t\t<h4 class=\"qodef-m-title\" >\n\t\tsterke voeling\t<\/h4>\n\t\t\t<p class=\"qodef-m-text\" >Naast woningen begeleid ik ook landbouwprojecten. Mijn man en ik wonen zelf op een boerderij, waardoor ik een sterke voeling heb met de praktijk. Een nieuwe stal, een serre of een loods: ik begrijp de logica, het ritme en de noden van landbouwers. Ook daar wil ik het verschil maken, met duidelijke plannen, een persoonlijke aanpak en een goede samenwerking met de milieuco\u00f6rdinator.<\/p>\n\t\t\t<div class=\"qodef-m-button\">\n\t\t<a class=\"qodef-shortcode qodef-m qodef-button qodef-layout--textual qodef-html--link\" href=\"\" target=\"_blank\"  style=\"margin: 20px 0px 0px 0px\">\t\t<span class=\"qodef-m-text\"> <\/span>\t\t<\/a>\t<\/div>\n\t<\/div>\n<\/div>\n\t\t\t\t<\/div>\n\t\t\t\t<\/div>\n\t\t\t\t\t<\/div>\n\t\t<\/div>\n\t\t\t\t<div class=\"elementor-column elementor-col-50 elementor-top-column elementor-element elementor-element-7a6986e\" data-id=\"7a6986e\" data-element_type=\"column\" data-e-type=\"column\">\n\t\t\t<div class=\"elementor-widget-wrap elementor-element-populated\">\n\t\t\t\t\t\t<div class=\"elementor-element elementor-element-64b49c5 elementor-widget elementor-widget-image\" data-id=\"64b49c5\" data-element_type=\"widget\" data-e-type=\"widget\" data-widget_type=\"image.default\">\n\t\t\t\t<div class=\"elementor-widget-container\">\n\t\t\t\t\t\t\t\t\t\t\t\t\t\t\t<img loading=\"lazy\" decoding=\"async\" width=\"1024\" height=\"683\" src=\"https:\/\/architectinemertens.be\/wp-content\/uploads\/2025\/12\/IneMertensArchitect3-1024x683.jpg\" class=\"attachment-large size-large wp-image-5724\" alt=\"\" srcset=\"https:\/\/architectinemertens.be\/wp-content\/uploads\/2025\/12\/IneMertensArchitect3-1024x683.jpg 1024w, https:\/\/architectinemertens.be\/wp-content\/uploads\/2025\/12\/IneMertensArchitect3-300x200.jpg 300w, https:\/\/architectinemertens.be\/wp-content\/uploads\/2025\/12\/IneMertensArchitect3-768x512.jpg 768w, https:\/\/architectinemertens.be\/wp-content\/uploads\/2025\/12\/IneMertensArchitect3-1536x1024.jpg 1536w, https:\/\/architectinemertens.be\/wp-content\/uploads\/2025\/12\/IneMertensArchitect3.jpg 1920w\" sizes=\"(max-width: 1024px) 100vw, 1024px\" \/>\t\t\t\t\t\t\t\t\t\t\t\t\t\t\t<\/div>\n\t\t\t\t<\/div>\n\t\t\t\t\t<\/div>\n\t\t<\/div>\n\t\t\t\t\t<\/div>\n\t\t<\/section>\n\t\t<div class=\"elementor-element elementor-element-a6d8e57 e-flex e-con-boxed qodef-elementor-content-no e-con e-parent\" data-id=\"a6d8e57\" data-element_type=\"container\" data-e-type=\"container\">\n\t\t\t\t\t<div class=\"e-con-inner\">\n\t\t<div class=\"elementor-element elementor-element-9fe438e e-con-full e-flex qodef-elementor-content-no e-con e-child\" data-id=\"9fe438e\" data-element_type=\"container\" data-e-type=\"container\">\n\t\t\t\t<div class=\"elementor-element elementor-element-630b7c7 elementor-widget elementor-widget-image\" data-id=\"630b7c7\" data-element_type=\"widget\" data-e-type=\"widget\" data-widget_type=\"image.default\">\n\t\t\t\t<div class=\"elementor-widget-container\">\n\t\t\t\t\t\t\t\t\t\t\t\t\t\t\t<img loading=\"lazy\" decoding=\"async\" width=\"1000\" height=\"311\" src=\"https:\/\/architectinemertens.be\/wp-content\/uploads\/2025\/03\/Ine-Mertens_Finale-logo-langPNG.png\" class=\"attachment-large size-large wp-image-13\" alt=\"\" srcset=\"https:\/\/architectinemertens.be\/wp-content\/uploads\/2025\/03\/Ine-Mertens_Finale-logo-langPNG.png 1000w, https:\/\/architectinemertens.be\/wp-content\/uploads\/2025\/03\/Ine-Mertens_Finale-logo-langPNG-300x93.png 300w, https:\/\/architectinemertens.be\/wp-content\/uploads\/2025\/03\/Ine-Mertens_Finale-logo-langPNG-768x239.png 768w\" sizes=\"(max-width: 1000px) 100vw, 1000px\" \/>\t\t\t\t\t\t\t\t\t\t\t\t\t\t\t<\/div>\n\t\t\t\t<\/div>\n\t\t<div class=\"elementor-element elementor-element-f4baa55 e-con-full e-flex qodef-elementor-content-no e-con e-child\" data-id=\"f4baa55\" data-element_type=\"container\" data-e-type=\"container\">\n\t\t\t\t<div class=\"elementor-element elementor-element-e36af11 elementor-widget elementor-widget-heading\" data-id=\"e36af11\" data-element_type=\"widget\" data-e-type=\"widget\" data-widget_type=\"heading.default\">\n\t\t\t\t<div class=\"elementor-widget-container\">\n\t\t\t\t\t<h2 class=\"elementor-heading-title elementor-size-default\">Mijn why?<\/h2>\t\t\t\t<\/div>\n\t\t\t\t<\/div>\n\t\t\t\t<div class=\"elementor-element elementor-element-d78ea34 elementor-widget elementor-widget-heading\" data-id=\"d78ea34\" data-element_type=\"widget\" data-e-type=\"widget\" data-widget_type=\"heading.default\">\n\t\t\t\t<div class=\"elementor-widget-container\">\n\t\t\t\t\t<h2 class=\"elementor-heading-title elementor-size-default\">Zoeken. Vertalen. Concretiseren.<\/h2>\t\t\t\t<\/div>\n\t\t\t\t<\/div>\n\t\t\t\t<div class=\"elementor-element elementor-element-2efa53e elementor-widget elementor-widget-text-editor\" data-id=\"2efa53e\" data-element_type=\"widget\" data-e-type=\"widget\" data-widget_type=\"text-editor.default\">\n\t\t\t\t<div class=\"elementor-widget-container\">\n\t\t\t\t\t\t\t\t\tOmdat ik geloof dat bouwen beter loopt als de mensen achter het project zich gehoord voelen. Omdat ik het boeiend vind om mee te zoeken, te vertalen en te concretiseren. Omdat het elke keer opnieuw een vorm geven is aan iemands verhaal, dromen en toekomst. En omdat ik wil bewijzen dat architectuur niet ingewikkeld hoeft te zijn, maar helder, eerlijk en haalbaar.\t\t\t\t\t\t\t\t<\/div>\n\t\t\t\t<\/div>\n\t\t\t\t<div class=\"elementor-element elementor-element-0b74c8c elementor-widget elementor-widget-brok_core_button\" data-id=\"0b74c8c\" data-element_type=\"widget\" data-e-type=\"widget\" data-widget_type=\"brok_core_button.default\">\n\t\t\t\t<div class=\"elementor-widget-container\">\n\t\t\t\t\t<a class=\"qodef-shortcode qodef-m qodef-button qodef-layout--filled qodef-html--link\" href=\"\" target=\"_blank\" data-hover-background-color=\"#F0F0F0\" style=\"background-color: #F0F0F0\">\n\t<span class=\"qodef-bg-effect\" style=\"background-color: #F0F0F0\"><\/span>\n\t<span class=\"qodef-m-text\">\n\t\t<svg xmlns=\"http:\/\/www.w3.org\/2000\/svg\" xmlns:xlink=\"http:\/\/www.w3.org\/1999\/xlink\" x=\"0px\" y=\"0px\" width=\"12px\" height=\"12px\" viewBox=\"0 0 12 12\" style=\"enable-background:new 0 0 12 12;\" xml:space=\"preserve\"><g><rect y=\"5\" width=\"12\" height=\"2\"\/><rect y=\"5\" transform=\"matrix(6.123234e-17 -1 1 6.123234e-17 0 12)\" width=\"12\" height=\"2\"\/><\/g><\/svg>\n\t\tOntdek enkele referentieprojecten\t<\/span>\n<\/a>\n\t\t\t\t<\/div>\n\t\t\t\t<\/div>\n\t\t\t\t<\/div>\n\t\t\t\t<\/div>\n\t\t\t\t\t<\/div>\n\t\t\t\t<\/div>\n\t\t\t\t<\/div>\n\t\t","protected":false},"excerpt":{"rendered":"<p>Bouwen begint bij vertrouwen Ine Mertens Ik ben Ine Mertens, architect. Niet de architect die bovenaan een project staat, maar de architect die naast je gaat staan. Want een woning ontwerpen, verbouwen of bouwen draait niet enkel om plannen en regels. Het draait ook om mensen. En om vertrouwen. \u00e9\u00e9n aanspreekpunt Vanuit mijn eenmanszaak begeleid [&hellip;]<\/p>\n","protected":false},"author":1,"featured_media":0,"parent":0,"menu_order":0,"comment_status":"closed","ping_status":"closed","template":"elementor_theme","meta":{"footnotes":""},"class_list":["post-975","page","type-page","status-publish","hentry"],"_links":{"self":[{"href":"https:\/\/architectinemertens.be\/index.php\/wp-json\/wp\/v2\/pages\/975","targetHints":{"allow":["GET"]}}],"collection":[{"href":"https:\/\/architectinemertens.be\/index.php\/wp-json\/wp\/v2\/pages"}],"about":[{"href":"https:\/\/architectinemertens.be\/index.php\/wp-json\/wp\/v2\/types\/page"}],"author":[{"embeddable":true,"href":"https:\/\/architectinemertens.be\/index.php\/wp-json\/wp\/v2\/users\/1"}],"replies":[{"embeddable":true,"href":"https:\/\/architectinemertens.be\/index.php\/wp-json\/wp\/v2\/comments?post=975"}],"version-history":[{"count":40,"href":"https:\/\/architectinemertens.be\/index.php\/wp-json\/wp\/v2\/pages\/975\/revisions"}],"predecessor-version":[{"id":6214,"href":"https:\/\/architectinemertens.be\/index.php\/wp-json\/wp\/v2\/pages\/975\/revisions\/6214"}],"wp:attachment":[{"href":"https:\/\/architectinemertens.be\/index.php\/wp-json\/wp\/v2\/media?parent=975"}],"curies":[{"name":"wp","href":"https:\/\/api.w.org\/{rel}","templated":true}]}}